{"id":119,"date":"2019-04-09T12:19:35","date_gmt":"2019-04-09T10:19:35","guid":{"rendered":"https:\/\/logo-elan.de\/?page_id=119"},"modified":"2025-08-20T10:30:50","modified_gmt":"2025-08-20T08:30:50","slug":"impressum","status":"publish","type":"page","link":"https:\/\/logo-elan.de\/?page_id=119","title":{"rendered":"Impressum"},"content":{"rendered":"<p>[et_pb_section fb_built=&#8220;1&#8243; _builder_version=&#8220;4.16&#8243; global_colors_info=&#8220;{}&#8220;][et_pb_row _builder_version=&#8220;4.16&#8243; global_colors_info=&#8220;{}&#8220;][et_pb_column type=&#8220;4_4&#8243; _builder_version=&#8220;4.16&#8243; custom_padding=&#8220;|||&#8220; global_colors_info=&#8220;{}&#8220; custom_padding__hover=&#8220;|||&#8220;][et_pb_text _builder_version=&#8220;4.27.4&#8243; hover_enabled=&#8220;0&#8243; global_colors_info=&#8220;{}&#8220; sticky_enabled=&#8220;0&#8243;]<\/p>\n<h1>Impressum<\/h1>\n<p>Alexander J\u00e4ger<br \/>LOGO!ELAN Alexander J\u00e4ger (Einzelunternehmen)<br \/>Heinrich-Heine-Stra\u00dfe 139<br \/>39307 Jerichow OT Brettin<\/p>\n<h2>Kontakt<\/h2>\n<p>Telefon: 0171-2687379<br \/>E-Mail: aj@logo-elan.de<\/p>\n<h2>Umsatzsteuer-ID<\/h2>\n<p>Umsatzsteuer-Identifikationsnummer gem\u00e4\u00df \u00a7 27 a Umsatzsteuergesetz:<br \/>DE301356319<\/p>\n<h2>Verbraucher\u00adstreit\u00adbeilegung\/Universal\u00adschlichtungs\u00adstelle<\/h2>\n<p>Wir sind nicht bereit oder verpflichtet, an Streitbeilegungsverfahren vor einer Verbraucherschlichtungsstelle teilzunehmen.<\/p>\n<p>[\/et_pb_text][\/et_pb_column][\/et_pb_row][\/et_pb_section]<\/p>\n","protected":false},"excerpt":{"rendered":"<p>Impressum Alexander J\u00e4gerLOGO!ELAN Alexander J\u00e4ger (Einzelunternehmen)Heinrich-Heine-Stra\u00dfe 13939307 Jerichow OT Brettin Kontakt Telefon: 0171-2687379E-Mail: aj@logo-elan.de Umsatzsteuer-ID Umsatzsteuer-Identifikationsnummer gem\u00e4\u00df \u00a7 27 a Umsatzsteuergesetz:DE301356319 Verbraucher\u00adstreit\u00adbeilegung\/Universal\u00adschlichtungs\u00adstelle Wir sind nicht bereit oder verpflichtet, an Streitbeilegungsverfahren vor einer Verbraucherschlichtungsstelle teilzunehmen.<\/p>\n","protected":false},"author":1,"featured_media":0,"parent":0,"menu_order":1100,"comment_status":"closed","ping_status":"closed","template":"","meta":{"_et_pb_use_builder":"on","_et_pb_old_content":"","_et_gb_content_width":"","footnotes":""},"class_list":["post-119","page","type-page","status-publish","hentry"],"yoast_head":"<!-- This site is optimized with the Yoast SEO plugin v25.0 - https:\/\/yoast.com\/wordpress\/plugins\/seo\/ -->\n<title>Impressum - Logo!Elan<\/title>\n<meta name=\"robots\" content=\"index, follow, max-snippet:-1, max-image-preview:large, max-video-preview:-1\" \/>\n<link rel=\"canonical\" href=\"https:\/\/logo-elan.de\/?page_id=119\" \/>\n<meta property=\"og:locale\" content=\"de_DE\" \/>\n<meta property=\"og:type\" content=\"article\" \/>\n<meta property=\"og:title\" content=\"Impressum - Logo!Elan\" \/>\n<meta property=\"og:description\" content=\"Impressum Alexander J\u00e4gerLOGO!ELAN Alexander J\u00e4ger (Einzelunternehmen)Heinrich-Heine-Stra\u00dfe 13939307 Jerichow OT Brettin Kontakt Telefon: 0171-2687379E-Mail: aj@logo-elan.de Umsatzsteuer-ID Umsatzsteuer-Identifikationsnummer gem\u00e4\u00df \u00a7 27 a Umsatzsteuergesetz:DE301356319 Verbraucher\u00adstreit\u00adbeilegung\/Universal\u00adschlichtungs\u00adstelle Wir sind nicht bereit oder verpflichtet, an Streitbeilegungsverfahren vor einer Verbraucherschlichtungsstelle teilzunehmen.\" \/>\n<meta property=\"og:url\" content=\"https:\/\/logo-elan.de\/?page_id=119\" \/>\n<meta property=\"og:site_name\" content=\"Logo!Elan\" \/>\n<meta property=\"article:modified_time\" content=\"2025-08-20T08:30:50+00:00\" \/>\n<meta name=\"twitter:card\" content=\"summary_large_image\" \/>\n<meta name=\"twitter:label1\" content=\"Gesch\u00e4tzte Lesezeit\" \/>\n\t<meta name=\"twitter:data1\" content=\"1\u00a0Minute\" \/>\n<script type=\"application\/ld+json\" class=\"yoast-schema-graph\">{\"@context\":\"https:\/\/schema.org\",\"@graph\":[{\"@type\":\"WebPage\",\"@id\":\"https:\/\/logo-elan.de\/?page_id=119\",\"url\":\"https:\/\/logo-elan.de\/?page_id=119\",\"name\":\"Impressum - Logo!Elan\",\"isPartOf\":{\"@id\":\"https:\/\/logo-elan.de\/#website\"},\"datePublished\":\"2019-04-09T10:19:35+00:00\",\"dateModified\":\"2025-08-20T08:30:50+00:00\",\"breadcrumb\":{\"@id\":\"https:\/\/logo-elan.de\/?page_id=119#breadcrumb\"},\"inLanguage\":\"de\",\"potentialAction\":[{\"@type\":\"ReadAction\",\"target\":[\"https:\/\/logo-elan.de\/?page_id=119\"]}]},{\"@type\":\"BreadcrumbList\",\"@id\":\"https:\/\/logo-elan.de\/?page_id=119#breadcrumb\",\"itemListElement\":[{\"@type\":\"ListItem\",\"position\":1,\"name\":\"Home\",\"item\":\"https:\/\/logo-elan.de\/\"},{\"@type\":\"ListItem\",\"position\":2,\"name\":\"Impressum\"}]},{\"@type\":\"WebSite\",\"@id\":\"https:\/\/logo-elan.de\/#website\",\"url\":\"https:\/\/logo-elan.de\/\",\"name\":\"Logo!Elan\",\"description\":\"\",\"potentialAction\":[{\"@type\":\"SearchAction\",\"target\":{\"@type\":\"EntryPoint\",\"urlTemplate\":\"https:\/\/logo-elan.de\/?s={search_term_string}\"},\"query-input\":{\"@type\":\"PropertyValueSpecification\",\"valueRequired\":true,\"valueName\":\"search_term_string\"}}],\"inLanguage\":\"de\"}]}<\/script>\n<!-- \/ Yoast SEO plugin. -->","yoast_head_json":{"title":"Impressum - Logo!Elan","robots":{"index":"index","follow":"follow","max-snippet":"max-snippet:-1","max-image-preview":"max-image-preview:large","max-video-preview":"max-video-preview:-1"},"canonical":"https:\/\/logo-elan.de\/?page_id=119","og_locale":"de_DE","og_type":"article","og_title":"Impressum - Logo!Elan","og_description":"Impressum Alexander J\u00e4gerLOGO!ELAN Alexander J\u00e4ger (Einzelunternehmen)Heinrich-Heine-Stra\u00dfe 13939307 Jerichow OT Brettin Kontakt Telefon: 0171-2687379E-Mail: aj@logo-elan.de Umsatzsteuer-ID Umsatzsteuer-Identifikationsnummer gem\u00e4\u00df \u00a7 27 a Umsatzsteuergesetz:DE301356319 Verbraucher\u00adstreit\u00adbeilegung\/Universal\u00adschlichtungs\u00adstelle Wir sind nicht bereit oder verpflichtet, an Streitbeilegungsverfahren vor einer Verbraucherschlichtungsstelle teilzunehmen.","og_url":"https:\/\/logo-elan.de\/?page_id=119","og_site_name":"Logo!Elan","article_modified_time":"2025-08-20T08:30:50+00:00","twitter_card":"summary_large_image","twitter_misc":{"Gesch\u00e4tzte Lesezeit":"1\u00a0Minute"},"schema":{"@context":"https:\/\/schema.org","@graph":[{"@type":"WebPage","@id":"https:\/\/logo-elan.de\/?page_id=119","url":"https:\/\/logo-elan.de\/?page_id=119","name":"Impressum - Logo!Elan","isPartOf":{"@id":"https:\/\/logo-elan.de\/#website"},"datePublished":"2019-04-09T10:19:35+00:00","dateModified":"2025-08-20T08:30:50+00:00","breadcrumb":{"@id":"https:\/\/logo-elan.de\/?page_id=119#breadcrumb"},"inLanguage":"de","potentialAction":[{"@type":"ReadAction","target":["https:\/\/logo-elan.de\/?page_id=119"]}]},{"@type":"BreadcrumbList","@id":"https:\/\/logo-elan.de\/?page_id=119#breadcrumb","itemListElement":[{"@type":"ListItem","position":1,"name":"Home","item":"https:\/\/logo-elan.de\/"},{"@type":"ListItem","position":2,"name":"Impressum"}]},{"@type":"WebSite","@id":"https:\/\/logo-elan.de\/#website","url":"https:\/\/logo-elan.de\/","name":"Logo!Elan","description":"","potentialAction":[{"@type":"SearchAction","target":{"@type":"EntryPoint","urlTemplate":"https:\/\/logo-elan.de\/?s={search_term_string}"},"query-input":{"@type":"PropertyValueSpecification","valueRequired":true,"valueName":"search_term_string"}}],"inLanguage":"de"}]}},"_links":{"self":[{"href":"https:\/\/logo-elan.de\/index.php?rest_route=\/wp\/v2\/pages\/119","targetHints":{"allow":["GET"]}}],"collection":[{"href":"https:\/\/logo-elan.de\/index.php?rest_route=\/wp\/v2\/pages"}],"about":[{"href":"https:\/\/logo-elan.de\/index.php?rest_route=\/wp\/v2\/types\/page"}],"author":[{"embeddable":true,"href":"https:\/\/logo-elan.de\/index.php?rest_route=\/wp\/v2\/users\/1"}],"replies":[{"embeddable":true,"href":"https:\/\/logo-elan.de\/index.php?rest_route=%2Fwp%2Fv2%2Fcomments&post=119"}],"version-history":[{"count":5,"href":"https:\/\/logo-elan.de\/index.php?rest_route=\/wp\/v2\/pages\/119\/revisions"}],"predecessor-version":[{"id":2067,"href":"https:\/\/logo-elan.de\/index.php?rest_route=\/wp\/v2\/pages\/119\/revisions\/2067"}],"wp:attachment":[{"href":"https:\/\/logo-elan.de\/index.php?rest_route=%2Fwp%2Fv2%2Fmedia&parent=119"}],"curies":[{"name":"wp","href":"https:\/\/api.w.org\/{rel}","templated":true}]}}