{"id":69,"date":"2019-03-12T09:51:47","date_gmt":"2019-03-12T08:51:47","guid":{"rendered":"https:\/\/logo-elan.de\/?page_id=69"},"modified":"2025-05-07T14:34:52","modified_gmt":"2025-05-07T12:34:52","slug":"home","status":"publish","type":"page","link":"https:\/\/logo-elan.de\/","title":{"rendered":"Home"},"content":{"rendered":"<p>[et_pb_section fb_built=&#8220;1&#8243; module_id=&#8220;home&#8220; _builder_version=&#8220;4.16&#8243; use_background_color_gradient=&#8220;on&#8220; background_color_gradient_direction=&#8220;90deg&#8220; background_color_gradient_stops=&#8220;rgba(0,0,0,0.67) 0%|rgba(255,255,255,0) 100%&#8220; background_color_gradient_overlays_image=&#8220;on&#8220; background_color_gradient_start=&#8220;rgba(0,0,0,0.67)&#8220; background_color_gradient_end=&#8220;rgba(255,255,255,0)&#8220; background_image=&#8220;https:\/\/logo-elan.de\/wp-content\/uploads\/Energiemessung-mit-Fernauslesung-scaled.jpg&#8220; height=&#8220;60vh&#8220; custom_css_main_element=&#8220;display: grid!important;||place-items: center!important;&#8220; global_colors_info=&#8220;{}&#8220;][et_pb_row _builder_version=&#8220;4.16&#8243; positioning=&#8220;absolute&#8220; position_origin_a=&#8220;center_center&#8220; global_colors_info=&#8220;{}&#8220;][et_pb_column type=&#8220;4_4&#8243; _builder_version=&#8220;4.16&#8243; custom_padding=&#8220;|||&#8220; global_colors_info=&#8220;{}&#8220; custom_padding__hover=&#8220;|||&#8220;][et_pb_text content_tablet=&#8220;<\/p>\n<h1><span>Steuerungstechnik nach Ma\u00df<\/span><\/h1>\n<p>&#8220; content_phone=&#8220;<\/p>\n<h1>Steuerungstechnik<br \/>\nnach Ma\u00df<\/h1>\n<p>&#8220; content_last_edited=&#8220;on|phone&#8220; module_class=&#8220;slidertitle&#8220; _builder_version=&#8220;4.16&#8243; _module_preset=&#8220;default&#8220; header_font=&#8220;|600|||on||||&#8220; header_text_color=&#8220;#FFFFFF&#8220; header_font_size=&#8220;45px&#8220; background_layout=&#8220;dark&#8220; header_font_size_tablet=&#8220;38px&#8220; header_font_size_phone=&#8220;38px&#8220; header_font_size_last_edited=&#8220;on|tablet&#8220; custom_css_main_element=&#8220;font-weight: 600!important;||text-decoration:underline!important;||color: #FFFFFF!important;||text-shadow: 0.08em 0.08em 0em rgb(0 0 0 \/ 40%)!important;&#8220; header_text_shadow_style=&#8220;preset5&#8243; global_colors_info=&#8220;{}&#8220;]<\/p>\n<h1><span>Steuerungstechnik nach Ma\u00df<\/span><\/h1>\n<p>[\/et_pb_text][\/et_pb_column][\/et_pb_row][\/et_pb_section][et_pb_section fb_built=&#8220;1&#8243; module_id=&#8220;ueber-uns&#8220; _builder_version=&#8220;4.16&#8243; _module_preset=&#8220;default&#8220; custom_margin=&#8220;||||false|false&#8220; custom_padding=&#8220;||||false|false&#8220; global_colors_info=&#8220;{}&#8220;][et_pb_row column_structure=&#8220;1_2,1_2&#8243; make_equal=&#8220;on&#8220; _builder_version=&#8220;4.16&#8243; _module_preset=&#8220;default&#8220; global_colors_info=&#8220;{}&#8220;][et_pb_column type=&#8220;1_2&#8243; module_class=&#8220;vertical-align&#8220; _builder_version=&#8220;4.16&#8243; _module_preset=&#8220;default&#8220; global_colors_info=&#8220;{}&#8220;][et_pb_text _builder_version=&#8220;4.16&#8243; _module_preset=&#8220;default&#8220; text_font_size=&#8220;40px&#8220; header_2_font=&#8220;|600|||||||&#8220; header_2_text_color=&#8220;#3333FF&#8220; header_2_font_size=&#8220;70px&#8220; text_font_size_tablet=&#8220;40px&#8220; text_font_size_phone=&#8220;29px&#8220; text_font_size_last_edited=&#8220;on|phone&#8220; header_2_font_size_tablet=&#8220;70px&#8220; header_2_font_size_phone=&#8220;50px&#8220; header_2_font_size_last_edited=&#8220;on|phone&#8220; custom_css_main_element=&#8220;font-size: 40px!important;&#8220; global_colors_info=&#8220;{}&#8220;]<\/p>\n<p>Willkommen<\/p>\n<p>[\/et_pb_text][\/et_pb_column][et_pb_column type=&#8220;1_2&#8243; _builder_version=&#8220;4.16&#8243; _module_preset=&#8220;default&#8220; global_colors_info=&#8220;{}&#8220;][et_pb_text _builder_version=&#8220;4.16&#8243; _module_preset=&#8220;default&#8220; custom_margin_tablet=&#8220;5%||||false|false&#8220; custom_margin_phone=&#8220;5%||||false|false&#8220; custom_margin_last_edited=&#8220;on|tablet&#8220; global_colors_info=&#8220;{}&#8220;]<\/p>\n<p><span>Als in das Installateurverzeichnis eingetragener Elektro-Meisterbetrieb setzen wir seit 2015 Ihre Projekte um.<\/span><br \/><span>Auf Ihre Anforderungen zugeschnitten \u00fcbernehmen wir die Planung und Realisierung.<\/span><br \/><span>Durch regelm\u00e4\u00dfige Weiterbildung sorgen wir daf\u00fcr, dass Sie jederzeit eine professionelle Beratung erhalten.<\/span><br \/><span>Bestehende Anlagen werden von uns betreut und gewartet. Im Notfall sind wir schnellstm\u00f6glich vor Ort.<\/span><\/p>\n<p>[\/et_pb_text][\/et_pb_column][\/et_pb_row][\/et_pb_section][et_pb_section fb_built=&#8220;1&#8243; custom_padding_last_edited=&#8220;on|tablet&#8220; prev_background_color=&#8220;#ffffff&#8220; next_background_color=&#8220;#ffffff&#8220; _builder_version=&#8220;4.16&#8243; _module_preset=&#8220;default&#8220; background_image=&#8220;https:\/\/logo-elan.de\/wp-content\/uploads\/Schaltplan3D.jpg&#8220; parallax=&#8220;on&#8220; min_height=&#8220;25vh&#8220; custom_padding=&#8220;9%||9%||true|false&#8220; custom_padding_tablet=&#8220;22%||22%||true|false&#8220; custom_padding_phone=&#8220;22%||22%||true|false&#8220; top_divider_style=&#8220;slant&#8220; top_divider_flip=&#8220;horizontal&#8220; bottom_divider_style=&#8220;slant&#8220; bottom_divider_flip=&#8220;horizontal&#8220; global_colors_info=&#8220;{}&#8220;][\/et_pb_section][et_pb_section fb_built=&#8220;1&#8243; module_id=&#8220;leistungen&#8220; _builder_version=&#8220;4.16&#8243; _module_preset=&#8220;default&#8220; global_colors_info=&#8220;{}&#8220;][et_pb_row _builder_version=&#8220;4.16&#8243; _module_preset=&#8220;default&#8220; global_colors_info=&#8220;{}&#8220;][et_pb_column type=&#8220;4_4&#8243; _builder_version=&#8220;4.16&#8243; _module_preset=&#8220;default&#8220; global_colors_info=&#8220;{}&#8220;][et_pb_text module_class=&#8220;titleh3&#8243; _builder_version=&#8220;4.16&#8243; _module_preset=&#8220;default&#8220; header_3_font=&#8220;|600|||||||&#8220; header_3_text_color=&#8220;#3333FF&#8220; header_3_font_size=&#8220;35px&#8220; global_colors_info=&#8220;{}&#8220;]<\/p>\n<h3>UNSERE LEISTUNGEN<\/h3>\n<p>[\/et_pb_text][et_pb_divider color=&#8220;#3333FF&#8220; divider_weight=&#8220;3px&#8220; _builder_version=&#8220;4.16&#8243; _module_preset=&#8220;default&#8220; global_colors_info=&#8220;{}&#8220;][\/et_pb_divider][\/et_pb_column][\/et_pb_row][et_pb_row column_structure=&#8220;1_2,1_2&#8243; _builder_version=&#8220;4.16&#8243; _module_preset=&#8220;default&#8220; use_background_color_gradient=&#8220;on&#8220; background_color_gradient_stops=&#8220;rgba(0,0,0,0.63) 0%|rgba(0,0,0,0.57) 100%&#8220; background_color_gradient_overlays_image=&#8220;on&#8220; background_color_gradient_start=&#8220;rgba(0,0,0,0.63)&#8220; background_color_gradient_end=&#8220;rgba(0,0,0,0.57)&#8220; background_image=&#8220;https:\/\/logo-elan.de\/wp-content\/uploads\/Instandsetzung-BHKW-Steuerung.jpg&#8220; custom_padding=&#8220;2%|2%|2%|2%|true|true&#8220; global_colors_info=&#8220;{}&#8220;][et_pb_column type=&#8220;1_2&#8243; _builder_version=&#8220;4.16&#8243; _module_preset=&#8220;default&#8220; global_colors_info=&#8220;{}&#8220;][et_pb_text _builder_version=&#8220;4.16&#8243; _module_preset=&#8220;default&#8220; text_font=&#8220;|600|||||||&#8220; text_text_color=&#8220;#FFFFFF&#8220; text_font_size=&#8220;20px&#8220; custom_css_main_element=&#8220;color: #ffffff!important;&#8220; global_colors_info=&#8220;{}&#8220;]<\/p>\n<ul>\n<li><span>Planung und Errichtung von Niederspannungsschaltanlagen<\/span><\/li>\n<\/ul>\n<p><span><\/span><\/p>\n<ul>\n<li><span>Wartung von Bestandsanlagen<\/span><\/li>\n<\/ul>\n<p><span><\/span><\/p>\n<ul>\n<li><span>IOT-Vernetzung, Datenerfassung<\/span><\/li>\n<\/ul>\n<p><span><\/span><\/p>\n<p><span><\/span><\/p>\n<ul>\n<li><span>Notfallservice \/ Fehlersuche in Steuerungen<\/span><\/li>\n<\/ul>\n<p>[\/et_pb_text][\/et_pb_column][et_pb_column type=&#8220;1_2&#8243; _builder_version=&#8220;4.16&#8243; _module_preset=&#8220;default&#8220; global_colors_info=&#8220;{}&#8220;][et_pb_text _builder_version=&#8220;4.16&#8243; _module_preset=&#8220;default&#8220; text_font=&#8220;|600|||||||&#8220; text_text_color=&#8220;#FFFFFF&#8220; text_font_size=&#8220;20px&#8220; custom_css_main_element=&#8220;color: #ffffff!important;&#8220; global_colors_info=&#8220;{}&#8220;]<\/p>\n<ul>\n<li><span>Pr\u00fcfung ortsfester Elektroinstallationen<\/span><\/li>\n<\/ul>\n<p><span><\/span><\/p>\n<ul>\n<li><span>Pr\u00fcfung ortsver\u00e4nderlicher Betriebsmittel<\/span><\/li>\n<\/ul>\n<p><span><\/span><\/p>\n<p><span><\/span><\/p>\n<ul>\n<li><span>Beschaffung von Ersatzteilen<\/span><\/li>\n<\/ul>\n<p>[\/et_pb_text][\/et_pb_column][\/et_pb_row][\/et_pb_section][et_pb_section fb_built=&#8220;1&#8243; custom_padding_last_edited=&#8220;on|phone&#8220; prev_background_color=&#8220;#ffffff&#8220; module_id=&#8220;referenzen&#8220; _builder_version=&#8220;4.16&#8243; _module_preset=&#8220;default&#8220; background_color=&#8220;#D8D8D8&#8243; custom_padding=&#8220;8%||0px||false|false&#8220; custom_padding_tablet=&#8220;8%||0px||false|false&#8220; custom_padding_phone=&#8220;20%||0px||false|false&#8220; top_divider_style=&#8220;slant&#8220; top_divider_flip=&#8220;horizontal&#8220; global_colors_info=&#8220;{}&#8220;][et_pb_row _builder_version=&#8220;4.16&#8243; _module_preset=&#8220;default&#8220; global_colors_info=&#8220;{}&#8220;][et_pb_column type=&#8220;4_4&#8243; _builder_version=&#8220;4.16&#8243; _module_preset=&#8220;default&#8220; global_colors_info=&#8220;{}&#8220;][et_pb_text module_class=&#8220;titleh3&#8243; _builder_version=&#8220;4.16&#8243; _module_preset=&#8220;default&#8220; header_3_font=&#8220;|600|||||||&#8220; header_3_text_color=&#8220;#3333FF&#8220; header_3_font_size=&#8220;35px&#8220; global_colors_info=&#8220;{}&#8220;]<\/p>\n<h3>UNSERE REFERENZEN<\/h3>\n<p>[\/et_pb_text][et_pb_divider color=&#8220;#3333FF&#8220; divider_weight=&#8220;3px&#8220; _builder_version=&#8220;4.16&#8243; _module_preset=&#8220;default&#8220; global_colors_info=&#8220;{}&#8220;][\/et_pb_divider][\/et_pb_column][\/et_pb_row][et_pb_row column_structure=&#8220;1_2,1_2&#8243; _builder_version=&#8220;4.16&#8243; _module_preset=&#8220;default&#8220; max_width=&#8220;80%&#8220; custom_padding=&#8220;0px||0px||true|false&#8220; global_colors_info=&#8220;{}&#8220;][et_pb_column type=&#8220;1_2&#8243; _builder_version=&#8220;4.16&#8243; _module_preset=&#8220;default&#8220; global_colors_info=&#8220;{}&#8220;][et_pb_gallery gallery_ids=&#8220;711,709,710,708,707,706,705,759&#8243; fullwidth=&#8220;on&#8220; module_class=&#8220;pa-image-gallery-4-3 &#8220; _builder_version=&#8220;4.16&#8243; _module_preset=&#8220;default&#8220; auto=&#8220;on&#8220; dbdb_version=&#8220;4.8.1&#8243; global_colors_info=&#8220;{}&#8220;][\/et_pb_gallery][\/et_pb_column][et_pb_column type=&#8220;1_2&#8243; _builder_version=&#8220;4.16&#8243; _module_preset=&#8220;default&#8220; custom_css_main_element=&#8220;display: grid!important;||place-items: center!important;&#8220; global_colors_info=&#8220;{}&#8220;][et_pb_code _builder_version=&#8220;4.16&#8243; _module_preset=&#8220;default&#8220; width=&#8220;57%&#8220; module_alignment=&#8220;center&#8220; custom_padding=&#8220;|0px||||&#8220; custom_css_main_element=&#8220;width: 57%!important;||text-align: center!important;&#8220; global_colors_info=&#8220;{}&#8220;]\n\t\t\t\n\t<style type=\"text\/css\">\n\t\t.slider-info-714.bafg-slider-info .bafg-slider-title {\n\t\t\t\t\t\t\tfont-size:\n\t\t\t\t\t22px\t\t\t\t;\n\t\t\t\n\t\t\t\n\t\t\t\t\t}\n\n\t\t.slider-info-714.bafg-slider-info .bafg-slider-description {\n\t\t\t\n\t\t\t\n\t\t\t\t\t}\n\t\t\n\t\t\n\t\t.slider-info-714.bafg-slider-info .bafg_slider_readmore_button {\n\t\t\t\n\t\t\t\n\t\t\t\n\t\t\t\n\t\t\t\n\t\t\ttext-align: center;\n\n\t\t\t\n\t\t\t\n\t\t\t\n\t\t\t\n\t\t\t\t\t}\n\n\t\t.slider-info-714.bafg-slider-info .bafg_slider_readmore_button:hover {\n\n\t\t\t\n\t\t\t\n\t\t\t\t\t}\n\t<\/style>\n\t\n\t\t\t<div class=\"bafg-twentytwenty-container slider-714  \"\n\t\t\t\tbafg-orientation=\"horizontal\" bafg-default-offset=\"0.5\"\n\t\t\t\tbafg-before-label=\"Before\"\n\t\t\t\tbafg-after-label=\"After\" bafg-overlay=\"1\"\n\t\t\t\tbafg-move-slider-on-hover=\"\"\n\t\t\t\tbafg-click-to-move=\"\">\n\n\t\t\t\t\t\t\t\t<img class=\"skip-lazy\" data-skip-lazy\t\t\t\t\tsrc=\"https:\/\/logo-elan.de\/wp-content\/uploads\/Instandsetzung-Altanlage-vorher__.jpg\" alt=\"\">\n\t\t\t\t<img class=\"skip-lazy\" data-skip-lazy\t\t\t\t\tsrc=\"https:\/\/logo-elan.de\/wp-content\/uploads\/Instandsetzung-Altanlage-nachher_Zuschnitt__-1.jpg\" alt=\"\">\n\n\t\t\t<\/div>\n\n\t\t\t\t<div class=\"bafg-slider-info-wraper\">\n\t\t<div style=\"\" class=\"slider-info-714 bafg-slider-info\">\n\t\t\t\t\t<\/div>\n\t<\/div>\n\t\n\t\t\t<style type=\"text\/css\">\n\t\t\t\t\t\t\t\t\t\t\t<\/style>\n\t\t\t[\/et_pb_code][\/et_pb_column][\/et_pb_row][et_pb_row _builder_version=&#8220;4.16&#8243; _module_preset=&#8220;default&#8220; global_colors_info=&#8220;{}&#8220;][et_pb_column type=&#8220;4_4&#8243; _builder_version=&#8220;4.16&#8243; _module_preset=&#8220;default&#8220; global_colors_info=&#8220;{}&#8220;][et_pb_gallery gallery_ids=&#8220;758,759,700,699,692,711,710,709,708,707,706,705,704,703&#8243; _builder_version=&#8220;4.16&#8243; _module_preset=&#8220;default&#8220; dbdb_version=&#8220;4.8.1&#8243; global_colors_info=&#8220;{}&#8220;][\/et_pb_gallery][\/et_pb_column][\/et_pb_row][\/et_pb_section][et_pb_section fb_built=&#8220;1&#8243; _builder_version=&#8220;4.16&#8243; _module_preset=&#8220;default&#8220; global_colors_info=&#8220;{}&#8220;][et_pb_row module_id=&#8220;gmb-review-link&#8220; _builder_version=&#8220;4.16&#8243; _module_preset=&#8220;default&#8220; custom_padding=&#8220;2vw|2vw|2vw|2vw|true|true&#8220; custom_css_main_element=&#8220;max-width:max-content;&#8220; border_width_all=&#8220;0.2rem&#8220; box_shadow_style=&#8220;preset4&#8243; box_shadow_color=&#8220;#0A004F&#8220; global_colors_info=&#8220;{}&#8220;][et_pb_column type=&#8220;4_4&#8243; _builder_version=&#8220;4.16&#8243; _module_preset=&#8220;default&#8220; global_colors_info=&#8220;{}&#8220;][et_pb_blurb title=&#8220;Bewerten Sie uns auf Google!&#8220; use_icon=&#8220;on&#8220; font_icon=&#8220;&#xf1a0;||fa||400&#8243; icon_color=&#8220;#0A21B5&#8243; image_icon_background_color=&#8220;RGBA(255,255,255,0)&#8220; image_icon_width=&#8220;2rem&#8220; icon_alignment=&#8220;left&#8220; content_max_width=&#8220;100%&#8220; _builder_version=&#8220;4.16&#8243; _module_preset=&#8220;default&#8220; custom_css_blurb_image=&#8220;margin:0;&#8220; global_colors_info=&#8220;{}&#8220;]Wir Konnten Sie bereits zufriedenstellen?<br \/>\nVerfassen Sie doch bitte eine Rezension, vielen Dank![\/et_pb_blurb][et_pb_button button_url=&#8220;https:\/\/g.page\/r\/CYu7sFTMGwV0EBM\/review&#8220; url_new_window=&#8220;on&#8220; button_text=&#8220;Jetzt auf Google bewerten&#8220; button_alignment=&#8220;right&#8220; _builder_version=&#8220;4.16&#8243; _module_preset=&#8220;default&#8220; custom_button=&#8220;on&#8220; button_text_size=&#8220;1rem&#8220; button_bg_color=&#8220;#3333FF&#8220; button_bg_use_color_gradient=&#8220;on&#8220; button_bg_color_gradient_direction=&#8220;135deg&#8220; button_bg_color_gradient_stops=&#8220;#0a21b5 0%|#0a004f 100%&#8220; button_bg_color_gradient_start=&#8220;#0a21b5&#8243; button_bg_color_gradient_end=&#8220;#0a004f&#8220; button_border_width=&#8220;0px&#8220; button_icon=&#8220;&#xf044;||fa||900&#8243; button_on_hover=&#8220;off&#8220; custom_margin=&#8220;0.5em||||false|false&#8220; box_shadow_style=&#8220;preset4&#8243; box_shadow_horizontal=&#8220;0.2em&#8220; box_shadow_vertical=&#8220;0.2em&#8220; box_shadow_color=&#8220;#000000&#8243; global_colors_info=&#8220;{}&#8220;][\/et_pb_button][\/et_pb_column][\/et_pb_row][\/et_pb_section][et_pb_section fb_built=&#8220;1&#8243; module_id=&#8220;kontakt&#8220; _builder_version=&#8220;4.16&#8243; _module_preset=&#8220;default&#8220; global_colors_info=&#8220;{}&#8220;][et_pb_row column_structure=&#8220;1_2,1_2&#8243; use_custom_gutter=&#8220;on&#8220; gutter_width=&#8220;2&#8243; make_equal=&#8220;on&#8220; _builder_version=&#8220;4.16&#8243; _module_preset=&#8220;default&#8220; global_colors_info=&#8220;{}&#8220;][et_pb_column type=&#8220;1_2&#8243; _builder_version=&#8220;4.16&#8243; _module_preset=&#8220;default&#8220; global_colors_info=&#8220;{}&#8220;][et_pb_text module_class=&#8220;titleh3&#8243; _builder_version=&#8220;4.16&#8243; _module_preset=&#8220;default&#8220; text_font=&#8220;|600|||||||&#8220; text_font_size=&#8220;23px&#8220; header_2_font=&#8220;|600|||||||&#8220; header_2_text_color=&#8220;#3333FF&#8220; header_2_font_size=&#8220;35px&#8220; global_colors_info=&#8220;{}&#8220;]<\/p>\n<h2>KONTAKT<\/h2>\n<p>Fragen? Kontaktieren Sie uns!<\/p>\n<p>[\/et_pb_text][et_pb_divider color=&#8220;#3333FF&#8220; divider_weight=&#8220;2px&#8220; _builder_version=&#8220;4.16&#8243; _module_preset=&#8220;default&#8220; global_colors_info=&#8220;{}&#8220;][\/et_pb_divider][et_pb_blurb title=&#8220;Kontaktdaten&#8220; use_icon=&#8220;on&#8220; font_icon=&#8220;&#xf086;||fa||900&#8243; icon_color=&#8220;#3333FF&#8220; icon_placement=&#8220;left&#8220; content_max_width=&#8220;100%&#8220; _builder_version=&#8220;4.16&#8243; _module_preset=&#8220;default&#8220; header_font=&#8220;|600|||||||&#8220; header_font_size=&#8220;25px&#8220; body_link_text_color=&#8220;#3333FF&#8220; global_colors_info=&#8220;{}&#8220; body_link_text_color__hover_enabled=&#8220;on|desktop&#8220; body_link_text_color__hover=&#8220;#3333FF&#8220;]<\/p>\n<p>LOGO!ELAN <span>Alexander J\u00e4ger (Einzelunternehmen)<\/span><br \/><span><strong>Telefon:<\/strong> <a href=\"tel:+491712687379\">0171-2687379<\/a><\/span><br \/><span><strong>E-Mail:<\/strong> <a href=\"mailto:aj@logo-elan.de\">aj@logo-elan.de<\/a><\/span><\/p>\n<p>[\/et_pb_blurb][et_pb_blurb title=&#8220;Adresse&#8220; use_icon=&#8220;on&#8220; font_icon=&#8220;&#xf276;||fa||900&#8243; icon_color=&#8220;#3333FF&#8220; icon_placement=&#8220;left&#8220; content_max_width=&#8220;100%&#8220; _builder_version=&#8220;4.27.4&#8243; _module_preset=&#8220;default&#8220; header_font=&#8220;|600|||||||&#8220; header_font_size=&#8220;25px&#8220; body_link_text_color=&#8220;#3333FF&#8220; custom_margin=&#8220;5%||||false|false&#8220; global_colors_info=&#8220;{}&#8220; body_link_text_color__hover_enabled=&#8220;on|desktop&#8220; body_link_text_color__hover=&#8220;#3333FF&#8220;]<\/p>\n<p><span>Heinrich-Heine-Stra\u00dfe 139<\/span><br \/><span>39307 Jerichow OT Brettin<\/span><\/p>\n<p>[\/et_pb_blurb][\/et_pb_column][et_pb_column type=&#8220;1_2&#8243; module_class=&#8220;vertical-align&#8220; _builder_version=&#8220;4.16&#8243; _module_preset=&#8220;default&#8220; global_colors_info=&#8220;{}&#8220;][et_pb_text _builder_version=&#8220;4.27.4&#8243; _module_preset=&#8220;default&#8220; hover_enabled=&#8220;0&#8243; global_colors_info=&#8220;{}&#8220; sticky_enabled=&#8220;0&#8243;]<div class='gdpr-iFrame' id='iframe18' style='width: 600px; height: 450px;'>\n<div id='iframeinfo18' class='gdpr-iFrame-info'><p>Klicken Sie auf die untere Schaltfl\u00e4che, um den iFrame-Inhalt von Google Maps neu zu laden.<\/p><p>Bitte \u00fcberpr\u00fcfen Sie unsere <a href=\"https:\/\/logo-elan.de\/?page_id=3\" title=\"Datenschutzrichtlinie anzeigen\">Datenschutzrichtlinie<\/a>, um sicherzustellen, wie Ihre Daten von Google Maps verwendet werden.<\/p><br \/><a class='gdpr-btn' onClick='open_iframe(\"https:\/\/www.google.com\/maps\/embed?pb=!1m18!1m12!1m3!1d2433.088057337693!2d12.17250087694309!3d52.4232021433913!2m3!1f0!2f0!3f0!3m2!1i1024!2i768!4f13.1!3m3!1m2!1s0x47a8cba4bf8b4a8d%3A0xfbf97d17876dcf9c!2sHeinrich-Heine-Stra%C3%9Fe%20139%2C%2039307%20Brettin%2C%20Deutschland!5e0!3m2!1sde!2ses!4v1746621276713!5m2!1sde!2ses\", \"600\", \"450\", \"18\");' title='iFrame laden'>Lade Google Maps<\/a><\/div><\/div>[\/et_pb_text][\/et_pb_column][\/et_pb_row][\/et_pb_section]<\/p>\n","protected":false},"excerpt":{"rendered":"<p>Steuerungstechnik nach Ma\u00dfWillkommenAls in das Installateurverzeichnis eingetragener Elektro-Meisterbetrieb setzen wir seit 2015 Ihre Projekte um.Auf Ihre Anforderungen zugeschnitten \u00fcbernehmen wir die Planung und Realisierung.Durch regelm\u00e4\u00dfige Weiterbildung sorgen wir daf\u00fcr, dass Sie jederzeit eine professionelle Beratung erhalten.Bestehende Anlagen werden von uns betreut und gewartet. Im Notfall sind wir schnellstm\u00f6glich vor Ort.UNSERE LEISTUNGEN Planung und Errichtung von [&hellip;]<\/p>\n","protected":false},"author":1,"featured_media":0,"parent":0,"menu_order":10,"comment_status":"closed","ping_status":"closed","template":"","meta":{"_et_pb_use_builder":"on","_et_pb_old_content":"","_et_gb_content_width":"","footnotes":""},"class_list":["post-69","page","type-page","status-publish","hentry"],"yoast_head":"<!-- This site is optimized with the Yoast SEO plugin v25.0 - https:\/\/yoast.com\/wordpress\/plugins\/seo\/ -->\n<title>Elektro-Meisterbetrieb Logo!Elan in Brandenburg<\/title>\n<meta name=\"description\" content=\"Als in das Installateur-Verzeichnis eingetragener Elektro-Meisterbetrieb planen und realisieren wir seit 2015 Ihre Projekte.\" \/>\n<meta name=\"robots\" content=\"index, follow, max-snippet:-1, max-image-preview:large, max-video-preview:-1\" \/>\n<link rel=\"canonical\" href=\"https:\/\/logo-elan.de\/\" \/>\n<meta property=\"og:locale\" content=\"de_DE\" \/>\n<meta property=\"og:type\" content=\"article\" \/>\n<meta property=\"og:title\" content=\"Elektro-Meisterbetrieb Logo!Elan in Brandenburg\" \/>\n<meta property=\"og:description\" content=\"Als in das Installateur-Verzeichnis eingetragener Elektro-Meisterbetrieb planen und realisieren wir seit 2015 Ihre Projekte.\" \/>\n<meta property=\"og:url\" content=\"https:\/\/logo-elan.de\/\" \/>\n<meta property=\"og:site_name\" content=\"Logo!Elan\" \/>\n<meta property=\"article:modified_time\" content=\"2025-05-07T12:34:52+00:00\" \/>\n<meta name=\"twitter:card\" content=\"summary_large_image\" \/>\n<meta name=\"twitter:label1\" content=\"Gesch\u00e4tzte Lesezeit\" \/>\n\t<meta name=\"twitter:data1\" content=\"8\u00a0Minuten\" \/>\n<script type=\"application\/ld+json\" class=\"yoast-schema-graph\">{\"@context\":\"https:\/\/schema.org\",\"@graph\":[{\"@type\":\"WebPage\",\"@id\":\"https:\/\/logo-elan.de\/\",\"url\":\"https:\/\/logo-elan.de\/\",\"name\":\"Elektro-Meisterbetrieb Logo!Elan in Brandenburg\",\"isPartOf\":{\"@id\":\"https:\/\/logo-elan.de\/#website\"},\"datePublished\":\"2019-03-12T08:51:47+00:00\",\"dateModified\":\"2025-05-07T12:34:52+00:00\",\"description\":\"Als in das Installateur-Verzeichnis eingetragener Elektro-Meisterbetrieb planen und realisieren wir seit 2015 Ihre Projekte.\",\"breadcrumb\":{\"@id\":\"https:\/\/logo-elan.de\/#breadcrumb\"},\"inLanguage\":\"de\",\"potentialAction\":[{\"@type\":\"ReadAction\",\"target\":[\"https:\/\/logo-elan.de\/\"]}]},{\"@type\":\"BreadcrumbList\",\"@id\":\"https:\/\/logo-elan.de\/#breadcrumb\",\"itemListElement\":[{\"@type\":\"ListItem\",\"position\":1,\"name\":\"Home\",\"item\":\"https:\/\/logo-elan.de\/\"},{\"@type\":\"ListItem\",\"position\":2,\"name\":\"Home\"}]},{\"@type\":\"WebSite\",\"@id\":\"https:\/\/logo-elan.de\/#website\",\"url\":\"https:\/\/logo-elan.de\/\",\"name\":\"Logo!Elan\",\"description\":\"\",\"potentialAction\":[{\"@type\":\"SearchAction\",\"target\":{\"@type\":\"EntryPoint\",\"urlTemplate\":\"https:\/\/logo-elan.de\/?s={search_term_string}\"},\"query-input\":{\"@type\":\"PropertyValueSpecification\",\"valueRequired\":true,\"valueName\":\"search_term_string\"}}],\"inLanguage\":\"de\"}]}<\/script>\n<!-- \/ Yoast SEO plugin. -->","yoast_head_json":{"title":"Elektro-Meisterbetrieb Logo!Elan in Brandenburg","description":"Als in das Installateur-Verzeichnis eingetragener Elektro-Meisterbetrieb planen und realisieren wir seit 2015 Ihre Projekte.","robots":{"index":"index","follow":"follow","max-snippet":"max-snippet:-1","max-image-preview":"max-image-preview:large","max-video-preview":"max-video-preview:-1"},"canonical":"https:\/\/logo-elan.de\/","og_locale":"de_DE","og_type":"article","og_title":"Elektro-Meisterbetrieb Logo!Elan in Brandenburg","og_description":"Als in das Installateur-Verzeichnis eingetragener Elektro-Meisterbetrieb planen und realisieren wir seit 2015 Ihre Projekte.","og_url":"https:\/\/logo-elan.de\/","og_site_name":"Logo!Elan","article_modified_time":"2025-05-07T12:34:52+00:00","twitter_card":"summary_large_image","twitter_misc":{"Gesch\u00e4tzte Lesezeit":"8\u00a0Minuten"},"schema":{"@context":"https:\/\/schema.org","@graph":[{"@type":"WebPage","@id":"https:\/\/logo-elan.de\/","url":"https:\/\/logo-elan.de\/","name":"Elektro-Meisterbetrieb Logo!Elan in Brandenburg","isPartOf":{"@id":"https:\/\/logo-elan.de\/#website"},"datePublished":"2019-03-12T08:51:47+00:00","dateModified":"2025-05-07T12:34:52+00:00","description":"Als in das Installateur-Verzeichnis eingetragener Elektro-Meisterbetrieb planen und realisieren wir seit 2015 Ihre Projekte.","breadcrumb":{"@id":"https:\/\/logo-elan.de\/#breadcrumb"},"inLanguage":"de","potentialAction":[{"@type":"ReadAction","target":["https:\/\/logo-elan.de\/"]}]},{"@type":"BreadcrumbList","@id":"https:\/\/logo-elan.de\/#breadcrumb","itemListElement":[{"@type":"ListItem","position":1,"name":"Home","item":"https:\/\/logo-elan.de\/"},{"@type":"ListItem","position":2,"name":"Home"}]},{"@type":"WebSite","@id":"https:\/\/logo-elan.de\/#website","url":"https:\/\/logo-elan.de\/","name":"Logo!Elan","description":"","potentialAction":[{"@type":"SearchAction","target":{"@type":"EntryPoint","urlTemplate":"https:\/\/logo-elan.de\/?s={search_term_string}"},"query-input":{"@type":"PropertyValueSpecification","valueRequired":true,"valueName":"search_term_string"}}],"inLanguage":"de"}]}},"_links":{"self":[{"href":"https:\/\/logo-elan.de\/index.php?rest_route=\/wp\/v2\/pages\/69","targetHints":{"allow":["GET"]}}],"collection":[{"href":"https:\/\/logo-elan.de\/index.php?rest_route=\/wp\/v2\/pages"}],"about":[{"href":"https:\/\/logo-elan.de\/index.php?rest_route=\/wp\/v2\/types\/page"}],"author":[{"embeddable":true,"href":"https:\/\/logo-elan.de\/index.php?rest_route=\/wp\/v2\/users\/1"}],"replies":[{"embeddable":true,"href":"https:\/\/logo-elan.de\/index.php?rest_route=%2Fwp%2Fv2%2Fcomments&post=69"}],"version-history":[{"count":55,"href":"https:\/\/logo-elan.de\/index.php?rest_route=\/wp\/v2\/pages\/69\/revisions"}],"predecessor-version":[{"id":2024,"href":"https:\/\/logo-elan.de\/index.php?rest_route=\/wp\/v2\/pages\/69\/revisions\/2024"}],"wp:attachment":[{"href":"https:\/\/logo-elan.de\/index.php?rest_route=%2Fwp%2Fv2%2Fmedia&parent=69"}],"curies":[{"name":"wp","href":"https:\/\/api.w.org\/{rel}","templated":true}]}}